{"id":3141775,"date":"2023-03-26T15:35:57","date_gmt":"2023-03-26T15:35:57","guid":{"rendered":"https:\/\/expertworldtravel.com\/esim-nova-zelandia\/"},"modified":"2024-12-24T09:48:25","modified_gmt":"2024-12-24T09:48:25","slug":"esim-nova-zelandia","status":"publish","type":"page","link":"https:\/\/expertworldtravel.com\/pt-pt\/esim-nova-zelandia\/","title":{"rendered":"O melhor eSIM para a Nova Zel\u00e2ndia (op\u00e7\u00f5es locais e internacionais)"},"content":{"rendered":"<p class=\"ifp\">Precisas de um eSim para uma viagem \u00e0 Nova Zel\u00e2ndia? Ent\u00e3o vieste ao s\u00edtio certo porque este guia detalhado explora todas as tuas melhores op\u00e7\u00f5es para eSims na Nova Zel\u00e2ndia! <\/p>\n<p>Quer precises de apenas alguns GB de dados m\u00f3veis para uma viagem curta, quer procures um eSim com a funcionalidade de um cart\u00e3o SIM f\u00edsico, encontrar\u00e1s tudo o que precisas de saber sobre os eSims da Nova Zel\u00e2ndia aqui mesmo. Continua a ler para saberes quais s\u00e3o as tuas op\u00e7\u00f5es quando se trata de um eSim para a Nova Zel\u00e2ndia! <\/p>\n","protected":false},"excerpt":{"rendered":"<p>Precisas de um eSim para uma viagem \u00e0 Nova Zel\u00e2ndia? Ent\u00e3o vieste ao s\u00edtio certo porque este guia detalhado explora todas as tuas melhores op\u00e7\u00f5es para eSims na Nova Zel\u00e2ndia! Quer precises de apenas alguns GB de dados m\u00f3veis para uma viagem curta, quer procures um eSim com a funcionalidade de um cart\u00e3o SIM f\u00edsico, [&hellip;]<\/p>\n","protected":false},"author":2,"featured_media":0,"parent":0,"menu_order":0,"comment_status":"closed","ping_status":"closed","template":"best-esim-template.php","meta":{"_lmt_disableupdate":"","_lmt_disable":""},"categories":[],"acf":[],"_links":{"self":[{"href":"https:\/\/expertworldtravel.com\/pt-pt\/wp-json\/wp\/v2\/pages\/3141775"}],"collection":[{"href":"https:\/\/expertworldtravel.com\/pt-pt\/wp-json\/wp\/v2\/pages"}],"about":[{"href":"https:\/\/expertworldtravel.com\/pt-pt\/wp-json\/wp\/v2\/types\/page"}],"author":[{"embeddable":true,"href":"https:\/\/expertworldtravel.com\/pt-pt\/wp-json\/wp\/v2\/users\/2"}],"replies":[{"embeddable":true,"href":"https:\/\/expertworldtravel.com\/pt-pt\/wp-json\/wp\/v2\/comments?post=3141775"}],"version-history":[{"count":1,"href":"https:\/\/expertworldtravel.com\/pt-pt\/wp-json\/wp\/v2\/pages\/3141775\/revisions"}],"predecessor-version":[{"id":3141837,"href":"https:\/\/expertworldtravel.com\/pt-pt\/wp-json\/wp\/v2\/pages\/3141775\/revisions\/3141837"}],"wp:attachment":[{"href":"https:\/\/expertworldtravel.com\/pt-pt\/wp-json\/wp\/v2\/media?parent=3141775"}],"wp:term":[{"taxonomy":"category","embeddable":true,"href":"https:\/\/expertworldtravel.com\/pt-pt\/wp-json\/wp\/v2\/categories?post=3141775"}],"curies":[{"name":"wp","href":"https:\/\/api.w.org\/{rel}","templated":true}]}}