{"id":3141803,"date":"2023-04-18T21:23:59","date_gmt":"2023-04-18T21:23:59","guid":{"rendered":"https:\/\/expertworldtravel.com\/esim-italia\/"},"modified":"2024-12-23T14:25:43","modified_gmt":"2024-12-23T14:25:43","slug":"esim-italia","status":"publish","type":"page","link":"https:\/\/expertworldtravel.com\/pt-pt\/esim-italia\/","title":{"rendered":"Melhor eSIM para It\u00e1lia (As melhores op\u00e7\u00f5es para viajantes)"},"content":{"rendered":"<p>Queres saber qual \u00e9 o eSIM It\u00e1lia perfeito para a tua visita? Os eSIMs s\u00e3o uma op\u00e7\u00e3o fant\u00e1stica para poupares dinheiro em dados enquanto est\u00e1s em It\u00e1lia. Mas qual \u00e9 o melhor eSIM para It\u00e1lia? \u00c9 isso que estamos aqui para descobrir. Vamos explorar os principais fornecedores de eSIM em It\u00e1lia, a sua cobertura, velocidades de liga\u00e7\u00e3o e outros factores para garantir que encontras o melhor plano de dados eSim para as tuas necessidades.<\/p>\n<h2>Os melhores fornecedores italianos de eSIM<\/h2>\n","protected":false},"excerpt":{"rendered":"<p>Queres saber qual \u00e9 o eSIM It\u00e1lia perfeito para a tua visita? Os eSIMs s\u00e3o uma op\u00e7\u00e3o fant\u00e1stica para poupares dinheiro em dados enquanto est\u00e1s em It\u00e1lia. Mas qual \u00e9 o melhor eSIM para It\u00e1lia? \u00c9 isso que estamos aqui para descobrir. Vamos explorar os principais fornecedores de eSIM em It\u00e1lia, a sua cobertura, velocidades [&hellip;]<\/p>\n","protected":false},"author":2,"featured_media":3141805,"parent":0,"menu_order":0,"comment_status":"closed","ping_status":"closed","template":"best-esim-template.php","meta":{"_lmt_disableupdate":"","_lmt_disable":""},"categories":[600266,600344],"acf":[],"_links":{"self":[{"href":"https:\/\/expertworldtravel.com\/pt-pt\/wp-json\/wp\/v2\/pages\/3141803"}],"collection":[{"href":"https:\/\/expertworldtravel.com\/pt-pt\/wp-json\/wp\/v2\/pages"}],"about":[{"href":"https:\/\/expertworldtravel.com\/pt-pt\/wp-json\/wp\/v2\/types\/page"}],"author":[{"embeddable":true,"href":"https:\/\/expertworldtravel.com\/pt-pt\/wp-json\/wp\/v2\/users\/2"}],"replies":[{"embeddable":true,"href":"https:\/\/expertworldtravel.com\/pt-pt\/wp-json\/wp\/v2\/comments?post=3141803"}],"version-history":[{"count":0,"href":"https:\/\/expertworldtravel.com\/pt-pt\/wp-json\/wp\/v2\/pages\/3141803\/revisions"}],"wp:featuredmedia":[{"embeddable":true,"href":"https:\/\/expertworldtravel.com\/pt-pt\/wp-json\/wp\/v2\/media\/3141805"}],"wp:attachment":[{"href":"https:\/\/expertworldtravel.com\/pt-pt\/wp-json\/wp\/v2\/media?parent=3141803"}],"wp:term":[{"taxonomy":"category","embeddable":true,"href":"https:\/\/expertworldtravel.com\/pt-pt\/wp-json\/wp\/v2\/categories?post=3141803"}],"curies":[{"name":"wp","href":"https:\/\/api.w.org\/{rel}","templated":true}]}}