{"id":3141811,"date":"2023-02-06T07:18:03","date_gmt":"2023-02-06T07:18:03","guid":{"rendered":"https:\/\/expertworldtravel.com\/esim-espanha\/"},"modified":"2024-12-23T15:28:42","modified_gmt":"2024-12-23T15:28:42","slug":"esim-espanha","status":"publish","type":"page","link":"https:\/\/expertworldtravel.com\/pt-pt\/esim-espanha\/","title":{"rendered":"O melhor eSIM para Espanha em 2025 (Acabaram-se os problemas de roaming)"},"content":{"rendered":"<p>Vais para Espanha e queres arranjar um eSIM para a tua viagem? Este guia detalhado vai-te dizer tudo sobre os melhores cart\u00f5es eSIM para Espanha! Cobri tudo sobre eSIMs em Espanha, desde o que precisas para obter um eSIM localmente at\u00e9 aos melhores planos de dados eSIM dispon\u00edveis no mercado. Quer precises de um n\u00famero de telefone local ou de dados m\u00f3veis ilimitados, h\u00e1 um eSIM de Espanha perfeito para ti e vais encontr\u00e1-lo aqui mesmo! <\/p>\n","protected":false},"excerpt":{"rendered":"<p>Vais para Espanha e queres arranjar um eSIM para a tua viagem? Este guia detalhado vai-te dizer tudo sobre os melhores cart\u00f5es eSIM para Espanha! Cobri tudo sobre eSIMs em Espanha, desde o que precisas para obter um eSIM localmente at\u00e9 aos melhores planos de dados eSIM dispon\u00edveis no mercado. Quer precises de um n\u00famero [&hellip;]<\/p>\n","protected":false},"author":6,"featured_media":3141812,"parent":0,"menu_order":0,"comment_status":"closed","ping_status":"closed","template":"best-template.php","meta":{"_lmt_disableupdate":"","_lmt_disable":""},"categories":[],"acf":[],"_links":{"self":[{"href":"https:\/\/expertworldtravel.com\/pt-pt\/wp-json\/wp\/v2\/pages\/3141811"}],"collection":[{"href":"https:\/\/expertworldtravel.com\/pt-pt\/wp-json\/wp\/v2\/pages"}],"about":[{"href":"https:\/\/expertworldtravel.com\/pt-pt\/wp-json\/wp\/v2\/types\/page"}],"author":[{"embeddable":true,"href":"https:\/\/expertworldtravel.com\/pt-pt\/wp-json\/wp\/v2\/users\/6"}],"replies":[{"embeddable":true,"href":"https:\/\/expertworldtravel.com\/pt-pt\/wp-json\/wp\/v2\/comments?post=3141811"}],"version-history":[{"count":0,"href":"https:\/\/expertworldtravel.com\/pt-pt\/wp-json\/wp\/v2\/pages\/3141811\/revisions"}],"wp:featuredmedia":[{"embeddable":true,"href":"https:\/\/expertworldtravel.com\/pt-pt\/wp-json\/wp\/v2\/media\/3141812"}],"wp:attachment":[{"href":"https:\/\/expertworldtravel.com\/pt-pt\/wp-json\/wp\/v2\/media?parent=3141811"}],"wp:term":[{"taxonomy":"category","embeddable":true,"href":"https:\/\/expertworldtravel.com\/pt-pt\/wp-json\/wp\/v2\/categories?post=3141811"}],"curies":[{"name":"wp","href":"https:\/\/api.w.org\/{rel}","templated":true}]}}