{"id":3141827,"date":"2023-09-26T14:38:07","date_gmt":"2023-09-26T14:38:07","guid":{"rendered":"https:\/\/expertworldtravel.com\/esim-laos\/"},"modified":"2024-12-24T09:43:13","modified_gmt":"2024-12-24T09:43:13","slug":"esim-laos","status":"publish","type":"page","link":"https:\/\/expertworldtravel.com\/pt-pt\/esim-laos\/","title":{"rendered":"O melhor eSIM para o Laos (dados a baixo pre\u00e7o)"},"content":{"rendered":"<p>Comprar um eSIM para usares enquanto estiveres no Laos \u00e9 uma excelente ideia se quiseres ter acesso barato \u00e0 Internet durante as tuas f\u00e9rias. Um plano de dados eSIM \u00e9 sempre mais barato do que os dados em roaming, e normalmente oferece uma liga\u00e7\u00e3o \u00e0 Internet mais est\u00e1vel. Analisei os planos eSIM para o Laos de todos os principais fornecedores de eSIM e comparei-os, para que possas encontrar facilmente a melhor op\u00e7\u00e3o para ti. Esta an\u00e1lise detalhada do melhor eSIM para o Laos inclui planos semanais, planos mensais e at\u00e9 eSIMs com cobertura regional na \u00c1sia e n\u00fameros de telefone. H\u00e1 op\u00e7\u00f5es para todos, por isso junta-te a mim enquanto te guio por todas as op\u00e7\u00f5es para um eSIM do Laos!<\/p>\n","protected":false},"excerpt":{"rendered":"<p>Comprar um eSIM para usares enquanto estiveres no Laos \u00e9 uma excelente ideia se quiseres ter acesso barato \u00e0 Internet durante as tuas f\u00e9rias. Um plano de dados eSIM \u00e9 sempre mais barato do que os dados em roaming, e normalmente oferece uma liga\u00e7\u00e3o \u00e0 Internet mais est\u00e1vel. Analisei os planos eSIM para o Laos [&hellip;]<\/p>\n","protected":false},"author":2,"featured_media":3140710,"parent":0,"menu_order":0,"comment_status":"closed","ping_status":"closed","template":"best-esim-template.php","meta":{"_lmt_disableupdate":"","_lmt_disable":""},"categories":[600266,600336],"acf":[],"_links":{"self":[{"href":"https:\/\/expertworldtravel.com\/pt-pt\/wp-json\/wp\/v2\/pages\/3141827"}],"collection":[{"href":"https:\/\/expertworldtravel.com\/pt-pt\/wp-json\/wp\/v2\/pages"}],"about":[{"href":"https:\/\/expertworldtravel.com\/pt-pt\/wp-json\/wp\/v2\/types\/page"}],"author":[{"embeddable":true,"href":"https:\/\/expertworldtravel.com\/pt-pt\/wp-json\/wp\/v2\/users\/2"}],"replies":[{"embeddable":true,"href":"https:\/\/expertworldtravel.com\/pt-pt\/wp-json\/wp\/v2\/comments?post=3141827"}],"version-history":[{"count":0,"href":"https:\/\/expertworldtravel.com\/pt-pt\/wp-json\/wp\/v2\/pages\/3141827\/revisions"}],"wp:featuredmedia":[{"embeddable":true,"href":"https:\/\/expertworldtravel.com\/pt-pt\/wp-json\/wp\/v2\/media\/3140710"}],"wp:attachment":[{"href":"https:\/\/expertworldtravel.com\/pt-pt\/wp-json\/wp\/v2\/media?parent=3141827"}],"wp:term":[{"taxonomy":"category","embeddable":true,"href":"https:\/\/expertworldtravel.com\/pt-pt\/wp-json\/wp\/v2\/categories?post=3141827"}],"curies":[{"name":"wp","href":"https:\/\/api.w.org\/{rel}","templated":true}]}}