{"id":3141847,"date":"2023-04-20T10:21:11","date_gmt":"2023-04-20T10:21:11","guid":{"rendered":"https:\/\/expertworldtravel.com\/esim-brasil\/"},"modified":"2024-12-24T10:26:08","modified_gmt":"2024-12-24T10:26:08","slug":"esim-brasil","status":"publish","type":"page","link":"https:\/\/expertworldtravel.com\/pt-pt\/esim-brasil\/","title":{"rendered":"O melhor eSim para o Brasil (acabaram-se os custos de roaming)"},"content":{"rendered":"<p>Vais viajar para o Brasil e queres arranjar um eSim para usar durante a viagem? Ent\u00e3o vieste ao s\u00edtio certo, porque este guia detalhado vai-te dizer tudo sobre os melhores eSims para o Brasil. Abordei as op\u00e7\u00f5es mais populares de provedores internacionais e locais, bem como algumas op\u00e7\u00f5es de cart\u00f5es SIM f\u00edsicos para viagem, caso o teu telefone ainda suporte a tecnologia. Quer fiques no pa\u00eds por alguns dias ou alguns meses, ver\u00e1s aqui pelo menos um par de planos de dados eSim que s\u00e3o adequados \u00e0s tuas necessidades de viagem! <\/p>\n","protected":false},"excerpt":{"rendered":"<p>Vais viajar para o Brasil e queres arranjar um eSim para usar durante a viagem? Ent\u00e3o vieste ao s\u00edtio certo, porque este guia detalhado vai-te dizer tudo sobre os melhores eSims para o Brasil. Abordei as op\u00e7\u00f5es mais populares de provedores internacionais e locais, bem como algumas op\u00e7\u00f5es de cart\u00f5es SIM f\u00edsicos para viagem, caso [&hellip;]<\/p>\n","protected":false},"author":6,"featured_media":3141848,"parent":0,"menu_order":0,"comment_status":"closed","ping_status":"closed","template":"best-esim-template.php","meta":{"_lmt_disableupdate":"","_lmt_disable":""},"categories":[600266,600347],"acf":[],"_links":{"self":[{"href":"https:\/\/expertworldtravel.com\/pt-pt\/wp-json\/wp\/v2\/pages\/3141847"}],"collection":[{"href":"https:\/\/expertworldtravel.com\/pt-pt\/wp-json\/wp\/v2\/pages"}],"about":[{"href":"https:\/\/expertworldtravel.com\/pt-pt\/wp-json\/wp\/v2\/types\/page"}],"author":[{"embeddable":true,"href":"https:\/\/expertworldtravel.com\/pt-pt\/wp-json\/wp\/v2\/users\/6"}],"replies":[{"embeddable":true,"href":"https:\/\/expertworldtravel.com\/pt-pt\/wp-json\/wp\/v2\/comments?post=3141847"}],"version-history":[{"count":0,"href":"https:\/\/expertworldtravel.com\/pt-pt\/wp-json\/wp\/v2\/pages\/3141847\/revisions"}],"wp:featuredmedia":[{"embeddable":true,"href":"https:\/\/expertworldtravel.com\/pt-pt\/wp-json\/wp\/v2\/media\/3141848"}],"wp:attachment":[{"href":"https:\/\/expertworldtravel.com\/pt-pt\/wp-json\/wp\/v2\/media?parent=3141847"}],"wp:term":[{"taxonomy":"category","embeddable":true,"href":"https:\/\/expertworldtravel.com\/pt-pt\/wp-json\/wp\/v2\/categories?post=3141847"}],"curies":[{"name":"wp","href":"https:\/\/api.w.org\/{rel}","templated":true}]}}