{"id":3141863,"date":"2023-04-24T11:04:17","date_gmt":"2023-04-24T11:04:17","guid":{"rendered":"https:\/\/expertworldtravel.com\/esim-suica\/"},"modified":"2024-12-31T10:43:12","modified_gmt":"2024-12-31T10:43:12","slug":"esim-suica","status":"publish","type":"page","link":"https:\/\/expertworldtravel.com\/pt-pt\/esim-suica\/","title":{"rendered":"O melhor eSIM para a Su\u00ed\u00e7a (um guia para viajantes)"},"content":{"rendered":"<p>Vais viajar para a Su\u00ed\u00e7a e queres comprar um eSIM para acederes \u00e0 Internet no pa\u00eds? Ent\u00e3o est\u00e1s definitivamente no s\u00edtio certo, porque este guia detalhado vai-te dizer tudo sobre os melhores eSims para a Su\u00ed\u00e7a! Apresentei-te as melhores op\u00e7\u00f5es de fornecedores internacionais, bem como alguns dos fornecedores locais mais populares. Os planos de dados inclu\u00eddos neste guia variam entre 1 GB e dados ilimitados, pelo que deve haver pelo menos algumas op\u00e7\u00f5es adequadas \u00e0s tuas necessidades de viagem. Inclu\u00ed tamb\u00e9m alguns <a href=\"https:\/\/expertworldtravel.com\/best-esim-europe\/\" target=\"_blank\" rel=\"noopener\">planos eSim com cobertura regional na Europa<\/a>, caso os teus planos de viagem se estendam a pa\u00edses fora da Su\u00ed\u00e7a. <\/p>\n","protected":false},"excerpt":{"rendered":"<p>Vais viajar para a Su\u00ed\u00e7a e queres comprar um eSIM para acederes \u00e0 Internet no pa\u00eds? Ent\u00e3o est\u00e1s definitivamente no s\u00edtio certo, porque este guia detalhado vai-te dizer tudo sobre os melhores eSims para a Su\u00ed\u00e7a! Apresentei-te as melhores op\u00e7\u00f5es de fornecedores internacionais, bem como alguns dos fornecedores locais mais populares. Os planos de dados [&hellip;]<\/p>\n","protected":false},"author":6,"featured_media":3141864,"parent":0,"menu_order":0,"comment_status":"closed","ping_status":"closed","template":"best-esim-template.php","meta":{"_lmt_disableupdate":"","_lmt_disable":""},"categories":[600266,600352],"acf":[],"_links":{"self":[{"href":"https:\/\/expertworldtravel.com\/pt-pt\/wp-json\/wp\/v2\/pages\/3141863"}],"collection":[{"href":"https:\/\/expertworldtravel.com\/pt-pt\/wp-json\/wp\/v2\/pages"}],"about":[{"href":"https:\/\/expertworldtravel.com\/pt-pt\/wp-json\/wp\/v2\/types\/page"}],"author":[{"embeddable":true,"href":"https:\/\/expertworldtravel.com\/pt-pt\/wp-json\/wp\/v2\/users\/6"}],"replies":[{"embeddable":true,"href":"https:\/\/expertworldtravel.com\/pt-pt\/wp-json\/wp\/v2\/comments?post=3141863"}],"version-history":[{"count":1,"href":"https:\/\/expertworldtravel.com\/pt-pt\/wp-json\/wp\/v2\/pages\/3141863\/revisions"}],"predecessor-version":[{"id":3141990,"href":"https:\/\/expertworldtravel.com\/pt-pt\/wp-json\/wp\/v2\/pages\/3141863\/revisions\/3141990"}],"wp:featuredmedia":[{"embeddable":true,"href":"https:\/\/expertworldtravel.com\/pt-pt\/wp-json\/wp\/v2\/media\/3141864"}],"wp:attachment":[{"href":"https:\/\/expertworldtravel.com\/pt-pt\/wp-json\/wp\/v2\/media?parent=3141863"}],"wp:term":[{"taxonomy":"category","embeddable":true,"href":"https:\/\/expertworldtravel.com\/pt-pt\/wp-json\/wp\/v2\/categories?post=3141863"}],"curies":[{"name":"wp","href":"https:\/\/api.w.org\/{rel}","templated":true}]}}