{"id":3141884,"date":"2023-03-24T20:01:52","date_gmt":"2023-03-24T20:01:52","guid":{"rendered":"https:\/\/expertworldtravel.com\/esim-australia\/"},"modified":"2024-12-26T12:37:44","modified_gmt":"2024-12-26T12:37:44","slug":"esim-australia","status":"publish","type":"page","link":"https:\/\/expertworldtravel.com\/pt-pt\/esim-australia\/","title":{"rendered":"O melhor eSIM para a Austr\u00e1lia em 2025 (Internet m\u00f3vel mais barata)"},"content":{"rendered":"<p>Vais viajar para a Austr\u00e1lia e precisas de um eSim enquanto estiveres no pa\u00eds? Ent\u00e3o vieste ao s\u00edtio certo, porque este guia detalhado vai ajudar-te a encontrar o melhor eSim para a Austr\u00e1lia! Abordei os <a href=\"https:\/\/expertworldtravel.com\/best-esim-international-travel\/\" target=\"_blank\" rel=\"noopener\">fornecedores de eSIM<\/a> locais e <a href=\"https:\/\/expertworldtravel.com\/best-esim-international-travel\/\" target=\"_blank\" rel=\"noopener\">internacionais<\/a> e comparei todas as op\u00e7\u00f5es mais populares entre os viajantes. H\u00e1 um eSim australiano perfeito para ti e vais, sem d\u00favida, encontr\u00e1-lo neste guia. <\/p>\n","protected":false},"excerpt":{"rendered":"<p>Vais viajar para a Austr\u00e1lia e precisas de um eSim enquanto estiveres no pa\u00eds? Ent\u00e3o vieste ao s\u00edtio certo, porque este guia detalhado vai ajudar-te a encontrar o melhor eSim para a Austr\u00e1lia! Abordei os fornecedores de eSIM locais e internacionais e comparei todas as op\u00e7\u00f5es mais populares entre os viajantes. H\u00e1 um eSim australiano [&hellip;]<\/p>\n","protected":false},"author":2,"featured_media":3141887,"parent":0,"menu_order":0,"comment_status":"closed","ping_status":"closed","template":"best-esim-template.php","meta":{"_lmt_disableupdate":"","_lmt_disable":""},"categories":[],"acf":[],"_links":{"self":[{"href":"https:\/\/expertworldtravel.com\/pt-pt\/wp-json\/wp\/v2\/pages\/3141884"}],"collection":[{"href":"https:\/\/expertworldtravel.com\/pt-pt\/wp-json\/wp\/v2\/pages"}],"about":[{"href":"https:\/\/expertworldtravel.com\/pt-pt\/wp-json\/wp\/v2\/types\/page"}],"author":[{"embeddable":true,"href":"https:\/\/expertworldtravel.com\/pt-pt\/wp-json\/wp\/v2\/users\/2"}],"replies":[{"embeddable":true,"href":"https:\/\/expertworldtravel.com\/pt-pt\/wp-json\/wp\/v2\/comments?post=3141884"}],"version-history":[{"count":0,"href":"https:\/\/expertworldtravel.com\/pt-pt\/wp-json\/wp\/v2\/pages\/3141884\/revisions"}],"wp:featuredmedia":[{"embeddable":true,"href":"https:\/\/expertworldtravel.com\/pt-pt\/wp-json\/wp\/v2\/media\/3141887"}],"wp:attachment":[{"href":"https:\/\/expertworldtravel.com\/pt-pt\/wp-json\/wp\/v2\/media?parent=3141884"}],"wp:term":[{"taxonomy":"category","embeddable":true,"href":"https:\/\/expertworldtravel.com\/pt-pt\/wp-json\/wp\/v2\/categories?post=3141884"}],"curies":[{"name":"wp","href":"https:\/\/api.w.org\/{rel}","templated":true}]}}