{"id":3141899,"date":"2022-12-14T17:43:50","date_gmt":"2022-12-14T17:43:50","guid":{"rendered":"https:\/\/expertworldtravel.com\/esim-international-travel\/"},"modified":"2024-12-26T12:51:27","modified_gmt":"2024-12-26T12:51:27","slug":"esim-international-travel","status":"publish","type":"page","link":"https:\/\/expertworldtravel.com\/pt-pt\/esim-international-travel\/","title":{"rendered":"O melhor eSim para viagens internacionais: Um guia detalhado"},"content":{"rendered":"<p>Se viajas muito, como eu, provavelmente j\u00e1 ouviste falar de um cart\u00e3o eSim internacional e est\u00e1s a pensar se vale a pena comprar um. Mas, como os cart\u00f5es eSim s\u00e3o relativamente novos para todos n\u00f3s, n\u00e3o sabemos muito sobre eles, se s\u00e3o \u00fateis e, se forem, qual dos fornecedores de eSim escolher. Vamos l\u00e1 ver isso. Neste artigo, vou explicar-te tudo o que precisas de saber, desde o que \u00e9 um eSim at\u00e9 como funciona, onde funciona, com que dispositivos funciona e quais os melhores fornecedores de eSim para escolheres. No final, dever\u00e1s saber se um eSim \u00e9 melhor para ti do que usar cart\u00f5es SIM f\u00edsicos, e qual o melhor fornecedor de eSim que se adequa aos teus padr\u00f5es de viagem.<\/p>\n<p> Vamos mergulhar!<\/p>\n","protected":false},"excerpt":{"rendered":"<p>Se viajas muito, como eu, provavelmente j\u00e1 ouviste falar de um cart\u00e3o eSim internacional e est\u00e1s a pensar se vale a pena comprar um. Mas, como os cart\u00f5es eSim s\u00e3o relativamente novos para todos n\u00f3s, n\u00e3o sabemos muito sobre eles, se s\u00e3o \u00fateis e, se forem, qual dos fornecedores de eSim escolher. Vamos l\u00e1 ver [&hellip;]<\/p>\n","protected":false},"author":6,"featured_media":3141900,"parent":0,"menu_order":0,"comment_status":"closed","ping_status":"closed","template":"best-template.php","meta":{"_lmt_disableupdate":"","_lmt_disable":""},"categories":[600266],"acf":[],"_links":{"self":[{"href":"https:\/\/expertworldtravel.com\/pt-pt\/wp-json\/wp\/v2\/pages\/3141899"}],"collection":[{"href":"https:\/\/expertworldtravel.com\/pt-pt\/wp-json\/wp\/v2\/pages"}],"about":[{"href":"https:\/\/expertworldtravel.com\/pt-pt\/wp-json\/wp\/v2\/types\/page"}],"author":[{"embeddable":true,"href":"https:\/\/expertworldtravel.com\/pt-pt\/wp-json\/wp\/v2\/users\/6"}],"replies":[{"embeddable":true,"href":"https:\/\/expertworldtravel.com\/pt-pt\/wp-json\/wp\/v2\/comments?post=3141899"}],"version-history":[{"count":0,"href":"https:\/\/expertworldtravel.com\/pt-pt\/wp-json\/wp\/v2\/pages\/3141899\/revisions"}],"wp:featuredmedia":[{"embeddable":true,"href":"https:\/\/expertworldtravel.com\/pt-pt\/wp-json\/wp\/v2\/media\/3141900"}],"wp:attachment":[{"href":"https:\/\/expertworldtravel.com\/pt-pt\/wp-json\/wp\/v2\/media?parent=3141899"}],"wp:term":[{"taxonomy":"category","embeddable":true,"href":"https:\/\/expertworldtravel.com\/pt-pt\/wp-json\/wp\/v2\/categories?post=3141899"}],"curies":[{"name":"wp","href":"https:\/\/api.w.org\/{rel}","templated":true}]}}