{"id":3141914,"date":"2023-01-05T21:23:22","date_gmt":"2023-01-05T21:23:22","guid":{"rendered":"https:\/\/expertworldtravel.com\/esim-tailandia\/"},"modified":"2024-12-26T16:28:32","modified_gmt":"2024-12-26T16:28:32","slug":"esim-tailandia","status":"publish","type":"page","link":"https:\/\/expertworldtravel.com\/pt-pt\/esim-tailandia\/","title":{"rendered":"Melhor eSim para a Tail\u00e2ndia 2023 (dados de baixo pre\u00e7o)"},"content":{"rendered":"<p>Se vais para a Tail\u00e2ndia ou <a href=\"https:\/\/expertworldtravel.com\/bangkok-esims\/\" target=\"_blank\" rel=\"noopener\">Banguecoque<\/a>, mant\u00e9m-te ligado com um <strong>cart\u00e3o eSIM econ\u00f3mico.<\/strong> Claro que podes obter um <a href=\"https:\/\/expertworldtravel.com\/best-sim-card-thailand\/\" target=\"_blank\" rel=\"noopener\">cart\u00e3o SIM local<\/a>, mas \u00e9 uma chatice. \u00c9 por isso que tens de obter um dos melhores eSIM para a Tail\u00e2ndia. Quer queiras dados ilimitados, ou apenas o eSim mais barato que existe, temos todos eles classificados e analisados abaixo!<\/p>\n","protected":false},"excerpt":{"rendered":"<p>Se vais para a Tail\u00e2ndia ou Banguecoque, mant\u00e9m-te ligado com um cart\u00e3o eSIM econ\u00f3mico. Claro que podes obter um cart\u00e3o SIM local, mas \u00e9 uma chatice. \u00c9 por isso que tens de obter um dos melhores eSIM para a Tail\u00e2ndia. Quer queiras dados ilimitados, ou apenas o eSim mais barato que existe, temos todos eles [&hellip;]<\/p>\n","protected":false},"author":6,"featured_media":3141915,"parent":0,"menu_order":0,"comment_status":"closed","ping_status":"closed","template":"best-template.php","meta":{"_lmt_disableupdate":"","_lmt_disable":""},"categories":[600266,600276],"acf":[],"_links":{"self":[{"href":"https:\/\/expertworldtravel.com\/pt-pt\/wp-json\/wp\/v2\/pages\/3141914"}],"collection":[{"href":"https:\/\/expertworldtravel.com\/pt-pt\/wp-json\/wp\/v2\/pages"}],"about":[{"href":"https:\/\/expertworldtravel.com\/pt-pt\/wp-json\/wp\/v2\/types\/page"}],"author":[{"embeddable":true,"href":"https:\/\/expertworldtravel.com\/pt-pt\/wp-json\/wp\/v2\/users\/6"}],"replies":[{"embeddable":true,"href":"https:\/\/expertworldtravel.com\/pt-pt\/wp-json\/wp\/v2\/comments?post=3141914"}],"version-history":[{"count":0,"href":"https:\/\/expertworldtravel.com\/pt-pt\/wp-json\/wp\/v2\/pages\/3141914\/revisions"}],"wp:featuredmedia":[{"embeddable":true,"href":"https:\/\/expertworldtravel.com\/pt-pt\/wp-json\/wp\/v2\/media\/3141915"}],"wp:attachment":[{"href":"https:\/\/expertworldtravel.com\/pt-pt\/wp-json\/wp\/v2\/media?parent=3141914"}],"wp:term":[{"taxonomy":"category","embeddable":true,"href":"https:\/\/expertworldtravel.com\/pt-pt\/wp-json\/wp\/v2\/categories?post=3141914"}],"curies":[{"name":"wp","href":"https:\/\/api.w.org\/{rel}","templated":true}]}}