{"id":3141921,"date":"2023-02-07T13:33:08","date_gmt":"2023-02-07T13:33:08","guid":{"rendered":"https:\/\/expertworldtravel.com\/esim-asia\/"},"modified":"2025-01-21T10:03:02","modified_gmt":"2025-01-21T10:03:02","slug":"esim-asia","status":"publish","type":"page","link":"https:\/\/expertworldtravel.com\/pt-pt\/esim-asia\/","title":{"rendered":"Melhor eSIM para a \u00c1sia em 2025 (Affordable Data)"},"content":{"rendered":"<p class=\"ifp\">Vais viajar para a \u00c1sia e queres ter alguns dados no teu telem\u00f3vel quando chegares? Bem, um eSIM \u00e9 a forma perfeita de resolveres esse problema. Posso dizer-te isto por experi\u00eancia pr\u00f3pria.  <\/p>\n<p class=\"ifp\">Quer precises de acesso \u00e0 Internet durante uma semana ou um m\u00eas, h\u00e1 um eSIM asi\u00e1tico adequado para a tua pr\u00f3xima viagem. Neste guia detalhado, vamos contar-te tudo sobre as melhores op\u00e7\u00f5es de eSIM para a \u00c1sia! <\/p>\n<p>  Tamb\u00e9m inclu\u00ed os melhores planos regionais para a \u00c1sia, no caso de estares a planear visitar mais do que um pa\u00eds na regi\u00e3o. Compatibilidade de aparelhos, suporte a eSIM e dicas para usar eSIMs na \u00c1sia est\u00e3o todos inclu\u00eddos neste guia, ent\u00e3o continua lendo para ver as melhores op\u00e7\u00f5es de eSIM para a \u00c1sia! <\/p>\n<h2><span id=\"Benefits_of_Getting_an_eSIM_for_Asia\">Vantagens de obter um eSIM para a \u00c1sia<\/span><\/h2>\n<p>A principal vantagem de ter um eSIM asi\u00e1tico \u00e9 o acesso f\u00e1cil \u00e0 Internet sempre que precisares. N\u00e3o tens de utilizar o roaming de dados, que \u00e9 normalmente muito caro para quantidades ridiculamente pequenas de dados. Tamb\u00e9m n\u00e3o tens de andar por uma cidade estrangeira \u00e0 procura de um cart\u00e3o SIM internacional para a \u00c1sia, uma vez que podes facilmente comprar e configurar um eSIM online. E se comprares um plano de dados eSIM a um fornecedor que permita a partilha de dados, \u00e9 como se tivesses um WiFi de bolso. Podes ligar os teus outros aparelhos e partilhar a Internet, o que \u00e9 \u00f3timo. <\/p>\n","protected":false},"excerpt":{"rendered":"<p>Vais viajar para a \u00c1sia e queres ter alguns dados no teu telem\u00f3vel quando chegares? Bem, um eSIM \u00e9 a forma perfeita de resolveres esse problema. Posso dizer-te isto por experi\u00eancia pr\u00f3pria. Quer precises de acesso \u00e0 Internet durante uma semana ou um m\u00eas, h\u00e1 um eSIM asi\u00e1tico adequado para a tua pr\u00f3xima viagem. Neste [&hellip;]<\/p>\n","protected":false},"author":2,"featured_media":0,"parent":0,"menu_order":0,"comment_status":"closed","ping_status":"closed","template":"best-template.php","meta":{"_lmt_disableupdate":"","_lmt_disable":""},"categories":[],"acf":[],"_links":{"self":[{"href":"https:\/\/expertworldtravel.com\/pt-pt\/wp-json\/wp\/v2\/pages\/3141921"}],"collection":[{"href":"https:\/\/expertworldtravel.com\/pt-pt\/wp-json\/wp\/v2\/pages"}],"about":[{"href":"https:\/\/expertworldtravel.com\/pt-pt\/wp-json\/wp\/v2\/types\/page"}],"author":[{"embeddable":true,"href":"https:\/\/expertworldtravel.com\/pt-pt\/wp-json\/wp\/v2\/users\/2"}],"replies":[{"embeddable":true,"href":"https:\/\/expertworldtravel.com\/pt-pt\/wp-json\/wp\/v2\/comments?post=3141921"}],"version-history":[{"count":1,"href":"https:\/\/expertworldtravel.com\/pt-pt\/wp-json\/wp\/v2\/pages\/3141921\/revisions"}],"predecessor-version":[{"id":3142192,"href":"https:\/\/expertworldtravel.com\/pt-pt\/wp-json\/wp\/v2\/pages\/3141921\/revisions\/3142192"}],"wp:attachment":[{"href":"https:\/\/expertworldtravel.com\/pt-pt\/wp-json\/wp\/v2\/media?parent=3141921"}],"wp:term":[{"taxonomy":"category","embeddable":true,"href":"https:\/\/expertworldtravel.com\/pt-pt\/wp-json\/wp\/v2\/categories?post=3141921"}],"curies":[{"name":"wp","href":"https:\/\/api.w.org\/{rel}","templated":true}]}}