{"id":3141941,"date":"2023-04-20T13:12:25","date_gmt":"2023-04-20T13:12:25","guid":{"rendered":"https:\/\/expertworldtravel.com\/esim-albania\/"},"modified":"2024-12-27T09:24:37","modified_gmt":"2024-12-27T09:24:37","slug":"esim-albania","status":"publish","type":"page","link":"https:\/\/expertworldtravel.com\/pt-pt\/esim-albania\/","title":{"rendered":"O melhor eSIM para a Alb\u00e2nia em 2025"},"content":{"rendered":"<p>Est\u00e1s \u00e0 procura de um eSIM para a Alb\u00e2nia? Os ESIMs s\u00e3o uma \u00f3tima maneira de economizar dinheiro ao viajar na Alb\u00e2nia. Abaixo, encontrei os melhores eSIMs da Alb\u00e2nia para a tua pr\u00f3xima viagem. Compara os pre\u00e7os dos eSIMs e as concess\u00f5es de dados e muito mais dos principais fornecedores de eSIMs abaixo.<\/p>\n","protected":false},"excerpt":{"rendered":"<p>Est\u00e1s \u00e0 procura de um eSIM para a Alb\u00e2nia? Os ESIMs s\u00e3o uma \u00f3tima maneira de economizar dinheiro ao viajar na Alb\u00e2nia. Abaixo, encontrei os melhores eSIMs da Alb\u00e2nia para a tua pr\u00f3xima viagem. Compara os pre\u00e7os dos eSIMs e as concess\u00f5es de dados e muito mais dos principais fornecedores de eSIMs abaixo.<\/p>\n","protected":false},"author":6,"featured_media":3141942,"parent":0,"menu_order":0,"comment_status":"closed","ping_status":"closed","template":"best-esim-template.php","meta":{"_lmt_disableupdate":"","_lmt_disable":""},"categories":[600356,600266],"acf":[],"_links":{"self":[{"href":"https:\/\/expertworldtravel.com\/pt-pt\/wp-json\/wp\/v2\/pages\/3141941"}],"collection":[{"href":"https:\/\/expertworldtravel.com\/pt-pt\/wp-json\/wp\/v2\/pages"}],"about":[{"href":"https:\/\/expertworldtravel.com\/pt-pt\/wp-json\/wp\/v2\/types\/page"}],"author":[{"embeddable":true,"href":"https:\/\/expertworldtravel.com\/pt-pt\/wp-json\/wp\/v2\/users\/6"}],"replies":[{"embeddable":true,"href":"https:\/\/expertworldtravel.com\/pt-pt\/wp-json\/wp\/v2\/comments?post=3141941"}],"version-history":[{"count":0,"href":"https:\/\/expertworldtravel.com\/pt-pt\/wp-json\/wp\/v2\/pages\/3141941\/revisions"}],"wp:featuredmedia":[{"embeddable":true,"href":"https:\/\/expertworldtravel.com\/pt-pt\/wp-json\/wp\/v2\/media\/3141942"}],"wp:attachment":[{"href":"https:\/\/expertworldtravel.com\/pt-pt\/wp-json\/wp\/v2\/media?parent=3141941"}],"wp:term":[{"taxonomy":"category","embeddable":true,"href":"https:\/\/expertworldtravel.com\/pt-pt\/wp-json\/wp\/v2\/categories?post=3141941"}],"curies":[{"name":"wp","href":"https:\/\/api.w.org\/{rel}","templated":true}]}}