{"id":3141965,"date":"2023-05-10T18:25:25","date_gmt":"2023-05-10T18:25:25","guid":{"rendered":"https:\/\/expertworldtravel.com\/esim-panama\/"},"modified":"2024-12-29T14:59:05","modified_gmt":"2024-12-29T14:59:05","slug":"esim-panama","status":"publish","type":"page","link":"https:\/\/expertworldtravel.com\/pt-pt\/esim-panama\/","title":{"rendered":"O melhor eSIM para o Panam\u00e1 (um guia para viajantes)"},"content":{"rendered":"<p>Se vais para o Panam\u00e1 e precisas de um eSIM para te manteres ligado, est\u00e1s com sorte! Os eSIMs do Panam\u00e1 s\u00e3o a forma mais conveniente de teres dados m\u00f3veis enquanto viajas. E, hoje em dia, h\u00e1 bastantes fornecedores de eSIM para te poupar a pagar custos loucos de roaming. Junta-te a mim enquanto eu analiso os melhores planos de dados eSIM para que possas encontrar o melhor eSIM para o Panam\u00e1.<\/p>\n","protected":false},"excerpt":{"rendered":"<p>Se vais para o Panam\u00e1 e precisas de um eSIM para te manteres ligado, est\u00e1s com sorte! Os eSIMs do Panam\u00e1 s\u00e3o a forma mais conveniente de teres dados m\u00f3veis enquanto viajas. E, hoje em dia, h\u00e1 bastantes fornecedores de eSIM para te poupar a pagar custos loucos de roaming. Junta-te a mim enquanto eu [&hellip;]<\/p>\n","protected":false},"author":2,"featured_media":3141966,"parent":0,"menu_order":0,"comment_status":"closed","ping_status":"closed","template":"best-esim-template.php","meta":{"_lmt_disableupdate":"","_lmt_disable":""},"categories":[600266,600358],"acf":[],"_links":{"self":[{"href":"https:\/\/expertworldtravel.com\/pt-pt\/wp-json\/wp\/v2\/pages\/3141965"}],"collection":[{"href":"https:\/\/expertworldtravel.com\/pt-pt\/wp-json\/wp\/v2\/pages"}],"about":[{"href":"https:\/\/expertworldtravel.com\/pt-pt\/wp-json\/wp\/v2\/types\/page"}],"author":[{"embeddable":true,"href":"https:\/\/expertworldtravel.com\/pt-pt\/wp-json\/wp\/v2\/users\/2"}],"replies":[{"embeddable":true,"href":"https:\/\/expertworldtravel.com\/pt-pt\/wp-json\/wp\/v2\/comments?post=3141965"}],"version-history":[{"count":0,"href":"https:\/\/expertworldtravel.com\/pt-pt\/wp-json\/wp\/v2\/pages\/3141965\/revisions"}],"wp:featuredmedia":[{"embeddable":true,"href":"https:\/\/expertworldtravel.com\/pt-pt\/wp-json\/wp\/v2\/media\/3141966"}],"wp:attachment":[{"href":"https:\/\/expertworldtravel.com\/pt-pt\/wp-json\/wp\/v2\/media?parent=3141965"}],"wp:term":[{"taxonomy":"category","embeddable":true,"href":"https:\/\/expertworldtravel.com\/pt-pt\/wp-json\/wp\/v2\/categories?post=3141965"}],"curies":[{"name":"wp","href":"https:\/\/api.w.org\/{rel}","templated":true}]}}