{"id":3142022,"date":"2023-05-05T16:24:50","date_gmt":"2023-05-05T16:24:50","guid":{"rendered":"https:\/\/expertworldtravel.com\/esim-marrocos\/"},"modified":"2025-01-02T12:40:16","modified_gmt":"2025-01-02T12:40:16","slug":"esim-marrocos","status":"publish","type":"page","link":"https:\/\/expertworldtravel.com\/pt-pt\/esim-marrocos\/","title":{"rendered":"Os melhores eSIMs de Marrocos para te manteres ligado enquanto viajas"},"content":{"rendered":"<p>Precisas de um eSIM em Marrocos para te manteres ligado enquanto viajas? N\u00e3o h\u00e1 nada pior do que n\u00e3o ter dados m\u00f3veis em roaming num pa\u00eds como Marrocos. E um eSIM de Marrocos \u00e9 um salva-vidas quando se trata de dados m\u00f3veis acess\u00edveis. Mas, qual \u00e9 o melhor eSIM para Marrocos? \u00c9 para isso que estou aqui, para te ajudar. Junta-te a mim enquanto eu exploro os melhores fornecedores de um eSIM para Marrocos e os seus planos para que possas encontrar o plano certo para ti.<\/p>\n","protected":false},"excerpt":{"rendered":"<p>Precisas de um eSIM em Marrocos para te manteres ligado enquanto viajas? N\u00e3o h\u00e1 nada pior do que n\u00e3o ter dados m\u00f3veis em roaming num pa\u00eds como Marrocos. E um eSIM de Marrocos \u00e9 um salva-vidas quando se trata de dados m\u00f3veis acess\u00edveis. Mas, qual \u00e9 o melhor eSIM para Marrocos? \u00c9 para isso que [&hellip;]<\/p>\n","protected":false},"author":2,"featured_media":3142023,"parent":0,"menu_order":0,"comment_status":"closed","ping_status":"closed","template":"best-esim-template.php","meta":{"_lmt_disableupdate":"","_lmt_disable":""},"categories":[600266],"acf":[],"_links":{"self":[{"href":"https:\/\/expertworldtravel.com\/pt-pt\/wp-json\/wp\/v2\/pages\/3142022"}],"collection":[{"href":"https:\/\/expertworldtravel.com\/pt-pt\/wp-json\/wp\/v2\/pages"}],"about":[{"href":"https:\/\/expertworldtravel.com\/pt-pt\/wp-json\/wp\/v2\/types\/page"}],"author":[{"embeddable":true,"href":"https:\/\/expertworldtravel.com\/pt-pt\/wp-json\/wp\/v2\/users\/2"}],"replies":[{"embeddable":true,"href":"https:\/\/expertworldtravel.com\/pt-pt\/wp-json\/wp\/v2\/comments?post=3142022"}],"version-history":[{"count":0,"href":"https:\/\/expertworldtravel.com\/pt-pt\/wp-json\/wp\/v2\/pages\/3142022\/revisions"}],"wp:featuredmedia":[{"embeddable":true,"href":"https:\/\/expertworldtravel.com\/pt-pt\/wp-json\/wp\/v2\/media\/3142023"}],"wp:attachment":[{"href":"https:\/\/expertworldtravel.com\/pt-pt\/wp-json\/wp\/v2\/media?parent=3142022"}],"wp:term":[{"taxonomy":"category","embeddable":true,"href":"https:\/\/expertworldtravel.com\/pt-pt\/wp-json\/wp\/v2\/categories?post=3142022"}],"curies":[{"name":"wp","href":"https:\/\/api.w.org\/{rel}","templated":true}]}}