{"id":3142037,"date":"2023-04-25T10:21:26","date_gmt":"2023-04-25T10:21:26","guid":{"rendered":"https:\/\/expertworldtravel.com\/esim-egito\/"},"modified":"2025-01-08T11:59:28","modified_gmt":"2025-01-08T11:59:28","slug":"esim-egito","status":"publish","type":"page","link":"https:\/\/expertworldtravel.com\/pt-pt\/esim-egito\/","title":{"rendered":"Melhor eSIM para o Egito (mant\u00e9m-te ligado quando viajas)"},"content":{"rendered":"<p>Est\u00e1s \u00e0 procura de um eSIM para o Egito? Ent\u00e3o est\u00e1s no s\u00edtio certo porque este guia detalhado vai-te dizer tudo sobre as melhores op\u00e7\u00f5es de eSIM para o Egito! N\u00e3o importa para onde est\u00e1s a viajar, \u00e9 sempre uma boa ideia <a href=\"https:\/\/expertworldtravel.com\/best-esim-international-travel\/\" target=\"_blank\" rel=\"noopener\">ter um eSIM de viagem<\/a>. O Egito n\u00e3o \u00e9 exce\u00e7\u00e3o, principalmente porque o pa\u00eds n\u00e3o tem uma grande cobertura WiFi gratuita, e vais precisar de um plano sim local para acederes \u00e0 Internet sempre que quiseres. <\/p>\n<h2>Escolher o melhor eSIM do Egito<\/h2>\n<p>O desafio de encontrar um eSIM no Egito \u00e9 o pre\u00e7o. Embora me sentisse tentado a comprar um cart\u00e3o SIM quando aterrei, sabia que seria uma experi\u00eancia dolorosa. Por isso, optei por uma mistura de Airalo e Holafly, dependendo da quantidade de dados que utilizava. Claro que utiliz\u00e1mos mais dados no nosso hotel, \u00e0 noite, depois de passarmos o dia inteiro nas pir\u00e2mides ou num cruzeiro. Por isso, honestamente, n\u00e3o precis\u00e1mos de dados ilimitados. Mas, se est\u00e1s muito no Insta ou v\u00eas muitos v\u00eddeos, as tuas escolhas podem ser diferentes. Aqui est\u00e3o as duas melhores op\u00e7\u00f5es que encontr\u00e1mos no Egito:  <\/p>\n<ul>\n<li><a href=\"https:\/\/maya.net\/esim\/egypt?pid=48fhb2345dg6\" target=\"_blank\" rel=\"noopener\">Maya Mobile<\/a> para os pacotes pr\u00e9-pagos mais baratos<\/li>\n<li><a href=\"https:\/\/holafly.sjv.io\/3J7knB\" target=\"_blank\" rel=\"nofollow noopener\">Holafly<\/a> para dados ilimitados<\/li>\n<\/ul>\n","protected":false},"excerpt":{"rendered":"<p>Est\u00e1s \u00e0 procura de um eSIM para o Egito? Ent\u00e3o est\u00e1s no s\u00edtio certo porque este guia detalhado vai-te dizer tudo sobre as melhores op\u00e7\u00f5es de eSIM para o Egito! N\u00e3o importa para onde est\u00e1s a viajar, \u00e9 sempre uma boa ideia ter um eSIM de viagem. O Egito n\u00e3o \u00e9 exce\u00e7\u00e3o, principalmente porque o [&hellip;]<\/p>\n","protected":false},"author":6,"featured_media":3138955,"parent":0,"menu_order":0,"comment_status":"closed","ping_status":"closed","template":"best-esim-template.php","meta":{"_lmt_disableupdate":"","_lmt_disable":""},"categories":[600266,600289],"acf":[],"_links":{"self":[{"href":"https:\/\/expertworldtravel.com\/pt-pt\/wp-json\/wp\/v2\/pages\/3142037"}],"collection":[{"href":"https:\/\/expertworldtravel.com\/pt-pt\/wp-json\/wp\/v2\/pages"}],"about":[{"href":"https:\/\/expertworldtravel.com\/pt-pt\/wp-json\/wp\/v2\/types\/page"}],"author":[{"embeddable":true,"href":"https:\/\/expertworldtravel.com\/pt-pt\/wp-json\/wp\/v2\/users\/6"}],"replies":[{"embeddable":true,"href":"https:\/\/expertworldtravel.com\/pt-pt\/wp-json\/wp\/v2\/comments?post=3142037"}],"version-history":[{"count":2,"href":"https:\/\/expertworldtravel.com\/pt-pt\/wp-json\/wp\/v2\/pages\/3142037\/revisions"}],"predecessor-version":[{"id":3142106,"href":"https:\/\/expertworldtravel.com\/pt-pt\/wp-json\/wp\/v2\/pages\/3142037\/revisions\/3142106"}],"wp:featuredmedia":[{"embeddable":true,"href":"https:\/\/expertworldtravel.com\/pt-pt\/wp-json\/wp\/v2\/media\/3138955"}],"wp:attachment":[{"href":"https:\/\/expertworldtravel.com\/pt-pt\/wp-json\/wp\/v2\/media?parent=3142037"}],"wp:term":[{"taxonomy":"category","embeddable":true,"href":"https:\/\/expertworldtravel.com\/pt-pt\/wp-json\/wp\/v2\/categories?post=3142037"}],"curies":[{"name":"wp","href":"https:\/\/api.w.org\/{rel}","templated":true}]}}