{"id":3142145,"date":"2023-02-26T04:19:06","date_gmt":"2023-02-26T04:19:06","guid":{"rendered":"https:\/\/expertworldtravel.com\/holafly-resenha\/"},"modified":"2025-01-08T12:28:00","modified_gmt":"2025-01-08T12:28:00","slug":"holafly-resenha","status":"publish","type":"page","link":"https:\/\/expertworldtravel.com\/pt-pt\/holafly-resenha\/","title":{"rendered":"Resenha da Holafly: O melhor eSIM para viajar? (Nem sempre)"},"content":{"rendered":"<p>Est\u00e1s a pensar em adquirir o <a href=\"https:\/\/holafly.sjv.io\/DyLM5y\" target=\"_blank\" rel=\"nofollow noopener\">Holafly eSim<\/a> para a tua pr\u00f3xima viagem? Este guia vai ajudar-te a perceber se isso \u00e9 adequado para ti! A Holafly oferece alguns pacotes eSim excelentes com dados ilimitados, mas n\u00e3o s\u00e3o para todos. Se precisares de acesso \u00e0 Internet no teu telem\u00f3vel para consultares mapas e redes sociais, s\u00e3o \u00f3ptimos, mas n\u00e3o s\u00e3o para trabalhadores remotos. Continua a ler para saberes porqu\u00ea e para obteres todas as outras informa\u00e7\u00f5es de que precisas sobre a Holafly para veres se s\u00e3o adequadas para ti. <\/p>\n","protected":false},"excerpt":{"rendered":"<p>Est\u00e1s a pensar em adquirir o Holafly eSim para a tua pr\u00f3xima viagem? Este guia vai ajudar-te a perceber se isso \u00e9 adequado para ti! A Holafly oferece alguns pacotes eSim excelentes com dados ilimitados, mas n\u00e3o s\u00e3o para todos. Se precisares de acesso \u00e0 Internet no teu telem\u00f3vel para consultares mapas e redes sociais, [&hellip;]<\/p>\n","protected":false},"author":1,"featured_media":0,"parent":0,"menu_order":0,"comment_status":"closed","ping_status":"closed","template":"single-product-review.php","meta":{"_lmt_disableupdate":"","_lmt_disable":""},"categories":[],"acf":[],"_links":{"self":[{"href":"https:\/\/expertworldtravel.com\/pt-pt\/wp-json\/wp\/v2\/pages\/3142145"}],"collection":[{"href":"https:\/\/expertworldtravel.com\/pt-pt\/wp-json\/wp\/v2\/pages"}],"about":[{"href":"https:\/\/expertworldtravel.com\/pt-pt\/wp-json\/wp\/v2\/types\/page"}],"author":[{"embeddable":true,"href":"https:\/\/expertworldtravel.com\/pt-pt\/wp-json\/wp\/v2\/users\/1"}],"replies":[{"embeddable":true,"href":"https:\/\/expertworldtravel.com\/pt-pt\/wp-json\/wp\/v2\/comments?post=3142145"}],"version-history":[{"count":0,"href":"https:\/\/expertworldtravel.com\/pt-pt\/wp-json\/wp\/v2\/pages\/3142145\/revisions"}],"wp:attachment":[{"href":"https:\/\/expertworldtravel.com\/pt-pt\/wp-json\/wp\/v2\/media?parent=3142145"}],"wp:term":[{"taxonomy":"category","embeddable":true,"href":"https:\/\/expertworldtravel.com\/pt-pt\/wp-json\/wp\/v2\/categories?post=3142145"}],"curies":[{"name":"wp","href":"https:\/\/api.w.org\/{rel}","templated":true}]}}