{"id":3142198,"date":"2023-03-31T10:16:41","date_gmt":"2023-03-31T10:16:41","guid":{"rendered":"https:\/\/expertworldtravel.com\/esim-grecia\/"},"modified":"2025-01-21T10:21:01","modified_gmt":"2025-01-21T10:21:01","slug":"esim-grecia","status":"publish","type":"page","link":"https:\/\/expertworldtravel.com\/pt-pt\/esim-grecia\/","title":{"rendered":"O melhor eSim para a Gr\u00e9cia (fornecedores locais e internacionais)"},"content":{"rendered":"<p>Precisas de obter um eSIM para a Gr\u00e9cia mas n\u00e3o sabes quais s\u00e3o as tuas op\u00e7\u00f5es? Ent\u00e3o est\u00e1s no s\u00edtio certo, porque este guia detalhado inclui os melhores fornecedores de eSim locais e internacionais para a Gr\u00e9cia! Quer precises de apenas alguns gigabytes para uma viagem curta, quer fiques no pa\u00eds durante algum tempo e precises de um limite de dados muito maior, encontrar\u00e1s pelo menos uma op\u00e7\u00e3o adequada abaixo. Se, por acaso, est\u00e1s \u00e0 procura de um eSim para v\u00e1rios pa\u00edses europeus, <a href=\"https:\/\/expertworldtravel.com\/best-esim-europe\/\" target=\"_blank\" rel=\"noopener\">l\u00ea<\/a> antes <a href=\"https:\/\/expertworldtravel.com\/best-esim-europe\/\" target=\"_blank\" rel=\"noopener\">este guia eSim<\/a>. Continua a ler para veres as nossas melhores escolhas para <strong>um fornecedor de eSim na Gr\u00e9cia! <\/strong> <\/p>\n","protected":false},"excerpt":{"rendered":"<p>Precisas de obter um eSIM para a Gr\u00e9cia mas n\u00e3o sabes quais s\u00e3o as tuas op\u00e7\u00f5es? Ent\u00e3o est\u00e1s no s\u00edtio certo, porque este guia detalhado inclui os melhores fornecedores de eSim locais e internacionais para a Gr\u00e9cia! Quer precises de apenas alguns gigabytes para uma viagem curta, quer fiques no pa\u00eds durante algum tempo e [&hellip;]<\/p>\n","protected":false},"author":6,"featured_media":3142199,"parent":0,"menu_order":0,"comment_status":"closed","ping_status":"closed","template":"best-esim-template.php","meta":{"_lmt_disableupdate":"","_lmt_disable":""},"categories":[600266,600369],"acf":[],"_links":{"self":[{"href":"https:\/\/expertworldtravel.com\/pt-pt\/wp-json\/wp\/v2\/pages\/3142198"}],"collection":[{"href":"https:\/\/expertworldtravel.com\/pt-pt\/wp-json\/wp\/v2\/pages"}],"about":[{"href":"https:\/\/expertworldtravel.com\/pt-pt\/wp-json\/wp\/v2\/types\/page"}],"author":[{"embeddable":true,"href":"https:\/\/expertworldtravel.com\/pt-pt\/wp-json\/wp\/v2\/users\/6"}],"replies":[{"embeddable":true,"href":"https:\/\/expertworldtravel.com\/pt-pt\/wp-json\/wp\/v2\/comments?post=3142198"}],"version-history":[{"count":0,"href":"https:\/\/expertworldtravel.com\/pt-pt\/wp-json\/wp\/v2\/pages\/3142198\/revisions"}],"wp:featuredmedia":[{"embeddable":true,"href":"https:\/\/expertworldtravel.com\/pt-pt\/wp-json\/wp\/v2\/media\/3142199"}],"wp:attachment":[{"href":"https:\/\/expertworldtravel.com\/pt-pt\/wp-json\/wp\/v2\/media?parent=3142198"}],"wp:term":[{"taxonomy":"category","embeddable":true,"href":"https:\/\/expertworldtravel.com\/pt-pt\/wp-json\/wp\/v2\/categories?post=3142198"}],"curies":[{"name":"wp","href":"https:\/\/api.w.org\/{rel}","templated":true}]}}